


{"id":678,"date":"2019-10-11T15:37:22","date_gmt":"2019-10-11T18:37:22","guid":{"rendered":"https:\/\/quartzodefense.com\/?page_id=678"},"modified":"2021-02-03T14:31:42","modified_gmt":"2021-02-03T17:31:42","slug":"inteligencia-controle-de-acesso-e-investigacao","status":"publish","type":"page","link":"https:\/\/quartzodefense.com\/en\/inteligencia-controle-de-acesso-e-investigacao\/","title":{"rendered":"Intelligence, Access Control, and Investigation"},"content":{"rendered":"[et_pb_section fb_built=&#8221;1&#8243; _builder_version=&#8221;4.7.7&#8243; background_enable_color=&#8221;off&#8221; background_image=&#8221;http:\/\/quartzodefense.com\/wp-content\/uploads\/2019\/11\/6-Inteligencia-e-Controle-de-Acesso.jpg&#8221; background_enable_video_mp4=&#8221;off&#8221; background_video_width=&#8221;1980&#8243; background_video_height=&#8221;1080&#8243; custom_padding=&#8221;0px||0px|||&#8221; sticky_position=&#8221;top&#8221; box_shadow_style=&#8221;preset3&#8243; box_shadow_vertical=&#8221;4px&#8221; box_shadow_blur=&#8221;20px&#8221; box_shadow_color=&#8221;rgba(0,0,0,0.4)&#8221; global_module=&#8221;2641&#8243; saved_tabs=&#8221;all&#8221;][et_pb_row custom_padding_last_edited=&#8221;off|desktop&#8221; _builder_version=&#8221;4.7.7&#8243; background_color=&#8221;rgba(24,110,130,0.74)&#8221; width=&#8221;100%&#8221; max_width=&#8221;100%&#8221; custom_padding=&#8221;20px|5%|20px|5%|true|true&#8221; custom_padding_tablet=&#8221;50px|10%|50px|10%|true|true&#8221;][et_pb_column type=&#8221;4_4&#8243; _builder_version=&#8221;3.25&#8243; custom_padding=&#8221;|||&#8221; custom_padding__hover=&#8221;|||&#8221;][et_pb_text _builder_version=&#8221;4.7.7&#8243; _dynamic_attributes=&#8221;content&#8221; text_font=&#8221;|600|||||||&#8221; header_font=&#8221;Khand|700|on||||||&#8221; header_font_size=&#8221;60px&#8221; header_line_height=&#8221;1.2em&#8221; header_2_font=&#8221;Khand|700|on||||||&#8221; header_2_font_size=&#8221;80px&#8221; header_2_line_height=&#8221;1.2em&#8221; text_orientation=&#8221;center&#8221; background_layout=&#8221;dark&#8221; custom_margin_tablet=&#8221;|||60vw&#8221; custom_margin_last_edited=&#8221;off|phone&#8221; header_font_size_tablet=&#8221;40px&#8221; header_font_size_phone=&#8221;25px&#8221; header_font_size_last_edited=&#8221;on|phone&#8221; header_2_font_size_tablet=&#8221;40px&#8221; header_2_font_size_phone=&#8221;30px&#8221; header_2_font_size_last_edited=&#8221;on|tablet&#8221;]@ET-DC@eyJkeW5hbWljIjp0cnVlLCJjb250ZW50IjoicG9zdF90aXRsZSIsInNldHRpbmdzIjp7ImJlZm9yZSI6IjxoMT4iLCJhZnRlciI6IjwvaDE+In19@[\/et_pb_text][\/et_pb_column][\/et_pb_row][\/et_pb_section][et_pb_section fb_built=&#8221;1&#8243; _builder_version=&#8221;3.29.3&#8243; background_enable_color=&#8221;off&#8221; custom_padding=&#8221;50px||50px||true|&#8221;][et_pb_row _builder_version=&#8221;3.25&#8243; custom_padding=&#8221;12px||32px|||&#8221;][et_pb_column type=&#8221;4_4&#8243; _builder_version=&#8221;3.25&#8243; custom_padding=&#8221;|||&#8221; custom_padding__hover=&#8221;|||&#8221;][et_pb_button button_url=&#8221;https:\/\/quartzodefense.com\/grid-inteligencia-controle-de-acesso-e-investigacao\/&#8221; button_text=&#8221;Grade de Produtos&#8221; button_alignment=&#8221;right&#8221; button_alignment_tablet=&#8221;&#8221; button_alignment_phone=&#8221;left&#8221; button_alignment_last_edited=&#8221;on|desktop&#8221; _builder_version=&#8221;4.7.7&#8243; custom_button=&#8221;on&#8221; button_text_size=&#8221;14px&#8221; button_text_color=&#8221;#ffffff&#8221; button_bg_color=&#8221;#2E94AE&#8221; button_border_width=&#8221;0px&#8221; button_border_radius=&#8221;0px&#8221; button_letter_spacing=&#8221;3px&#8221; button_font=&#8221;|700||on|||||&#8221; button_icon=&#8221;%%36%%&#8221; button_on_hover=&#8221;off&#8221; transform_skew=&#8221;-22deg|0deg&#8221; transform_skew_linked=&#8221;off&#8221; custom_padding=&#8221;15px|40px|15px|30px|true|false&#8221; button_bg_color__hover_enabled=&#8221;on|hover&#8221; button_bg_color__hover=&#8221;#34b5c9&#8243; button_bg_enable_color__hover=&#8221;on&#8221;][\/et_pb_button][et_pb_text _builder_version=&#8221;4.8.2&#8243; header_font=&#8221;Khand|700|on||||||&#8221; header_text_align=&#8221;left&#8221; header_font_size=&#8221;100px&#8221; header_2_font=&#8221;Khand|700|on||||||&#8221; header_2_text_align=&#8221;left&#8221; header_2_font_size=&#8221;30px&#8221; transform_skew=&#8221;-6deg|0deg&#8221; transform_skew_linked=&#8221;off&#8221; custom_margin=&#8221;||0px|||&#8221; header_font_size_tablet=&#8221;80px&#8221; header_font_size_phone=&#8221;60px&#8221; header_font_size_last_edited=&#8221;on|desktop&#8221; header_2_font_size_tablet=&#8221;80px&#8221; header_2_font_size_phone=&#8221;60px&#8221; header_2_font_size_last_edited=&#8221;off|tablet&#8221;]\n<h2>Intelligent Security and Access Control<\/h2>\n[\/et_pb_text][et_pb_divider color=&#8221;#186E82&#8243; divider_style=&#8221;double&#8221; divider_weight=&#8221;10px&#8221; _builder_version=&#8221;3.21.1&#8243; transform_skew=&#8221;-20deg|0deg&#8221; max_width=&#8221;100px&#8221; height=&#8221;10px&#8221; locked=&#8221;off&#8221;][\/et_pb_divider][\/et_pb_column][\/et_pb_row][et_pb_row column_structure=&#8221;1_2,1_2&#8243; _builder_version=&#8221;3.29.3&#8243; custom_padding=&#8221;0px||0px|||&#8221;][et_pb_column type=&#8221;1_2&#8243; _builder_version=&#8221;3.27.4&#8243;][et_pb_text _builder_version=&#8221;4.8.2&#8243; text_font=&#8221;||||||||&#8221; text_font_size=&#8221;16px&#8221; text_line_height=&#8221;2em&#8221; text_font_size_tablet=&#8221;&#8221; text_font_size_phone=&#8221;16px&#8221; text_font_size_last_edited=&#8221;on|phone&#8221;]\n<p>Today's cities face a broad spectrum of threats ranging from terrorism to rising crime rates, civil unrest, shootings, natural disasters, and other emergencies. To mitigate the impact of these situations, authorities need real-time information about what is happening in districts, neighborhoods, and neighborhoods. There is a growing impetus for the use of new and emerging technologies in the quest for safer and more efficient cities. In this context, integrated security and intelligent monitoring solutions for public and private infrastructures provide a comprehensive framework for a single, holistic operational view and access to real-time visual, audio, and location information. These solutions help make cities safer by empowering authorities to effectively prevent, manage and respond to potential risk scenarios.<\/p>\n[\/et_pb_text][\/et_pb_column][et_pb_column type=&#8221;1_2&#8243; _builder_version=&#8221;3.27.4&#8243;][et_pb_image src=&#8221;http:\/\/quartzodefense.com\/wp-content\/uploads\/2020\/05\/camera-seguranca.png&#8221; title_text=&#8221;camera-seguranca&#8221; align=&#8221;center&#8221; _builder_version=&#8221;4.4.4&#8243;][\/et_pb_image][\/et_pb_column][\/et_pb_row][et_pb_row column_structure=&#8221;1_2,1_2&#8243; _builder_version=&#8221;3.29.3&#8243; custom_padding=&#8221;35px||6px|||&#8221;][et_pb_column type=&#8221;1_2&#8243; _builder_version=&#8221;3.29.3&#8243;][et_pb_image src=&#8221;http:\/\/quartzodefense.com\/wp-content\/uploads\/2020\/05\/controle-acesso.png&#8221; title_text=&#8221;controle-acesso&#8221; show_bottom_space=&#8221;off&#8221; align=&#8221;center&#8221; _builder_version=&#8221;4.4.4&#8243;][\/et_pb_image][\/et_pb_column][et_pb_column type=&#8221;1_2&#8243; _builder_version=&#8221;3.29.3&#8243;][et_pb_text _builder_version=&#8221;4.8.2&#8243; text_font=&#8221;||||||||&#8221; text_font_size=&#8221;16px&#8221; text_line_height=&#8221;2em&#8221; text_font_size_tablet=&#8221;&#8221; text_font_size_phone=&#8221;16px&#8221; text_font_size_last_edited=&#8221;on|phone&#8221;]\n<p>The concept of the Smart City or Safe City, or as we prefer to call it, Smart Security, necessarily encompasses integrated solutions for building a safe city. They involve monitoring solutions, which include video surveillance and analysis, collaborative monitoring, automatic registration or license plate recognition, and facial recognition; communication systems, which include network connectivity, unified communication, data centers, and dedicated applications; and mobility solutions, which include vehicle-mounted cameras, vehicle tracking system on maps, and integrated command and control center solutions.<\/p>\n[\/et_pb_text][\/et_pb_column][\/et_pb_row][et_pb_row _builder_version=&#8221;4.4.4&#8243; custom_padding=&#8221;||20px|||&#8221;][et_pb_column type=&#8221;4_4&#8243; _builder_version=&#8221;4.4.4&#8243;][et_pb_text _builder_version=&#8221;4.8.2&#8243; text_font=&#8221;||||||||&#8221; text_font_size=&#8221;16px&#8221; text_line_height=&#8221;2em&#8221; text_font_size_tablet=&#8221;&#8221; text_font_size_phone=&#8221;16px&#8221; text_font_size_last_edited=&#8221;on|phone&#8221;]\n<p>People access control, on the other hand, is the selective restriction of access by means of a control system that decides who, when, and where a person may enter or leave a particular location or resource by comparing the credential presented to those in the access control system's database. Such systems include an access control panel, passage-blocking equipment (door, turnstile, turnstile, parking barrier, elevator or other physical barrier) and some form of credential reader.<\/p>\n[\/et_pb_text][\/et_pb_column][\/et_pb_row][et_pb_row column_structure=&#8221;1_2,1_2&#8243; _builder_version=&#8221;4.4.4&#8243; custom_padding=&#8221;19px||18px|||&#8221;][et_pb_column type=&#8221;1_2&#8243; _builder_version=&#8221;4.4.4&#8243;][et_pb_text _builder_version=&#8221;4.8.2&#8243; text_font=&#8221;||||||||&#8221; text_font_size=&#8221;16px&#8221; text_line_height=&#8221;2em&#8221; text_font_size_tablet=&#8221;&#8221; text_font_size_phone=&#8221;16px&#8221; text_font_size_last_edited=&#8221;on|phone&#8221;]\n<p>Metal Detectors are electronic devices that have the ability to detect the presence of metal in the vicinity. They are useful for finding metal inclusions hidden inside objects or buried underground, but their main use has been in conducting security screening at access points to prisons, courts, and airports to detect metal weapons hidden on a person's body.<br \/>QUARTZO Defense Engineering offers complete solutions for municipalities, condominiums, schools, hospitals and public and private companies of the most varied sizes and segments of activity that seek to install access control systems and intelligent security to monitor in real time the flow of people, vehicles or objects circulating on their premises, restricted areas and other environments that are sensitive from the point of view of security, through equipment and software for security management and decision making. It also has professional metal detectors, of last generation, with models for manual use or in the form of access gates, in fixed or mobile versions, and our mobile gate is light and can be dismantled easily and quickly by a single person.<\/p>\n[\/et_pb_text][\/et_pb_column][et_pb_column type=&#8221;1_2&#8243; _builder_version=&#8221;4.4.4&#8243;][et_pb_image src=&#8221;http:\/\/quartzodefense.com\/wp-content\/uploads\/2020\/05\/detector-metal.jpg&#8221; title_text=&#8221;detector-metal&#8221; _builder_version=&#8221;4.4.4&#8243;][\/et_pb_image][\/et_pb_column][\/et_pb_row][et_pb_row _builder_version=&#8221;4.4.4&#8243; custom_padding=&#8221;13px|||||&#8221;][et_pb_column type=&#8221;4_4&#8243; _builder_version=&#8221;4.4.4&#8243;][et_pb_text _builder_version=&#8221;4.8.2&#8243; text_font=&#8221;||||||||&#8221; text_font_size=&#8221;16px&#8221; text_line_height=&#8221;2em&#8221; text_font_size_tablet=&#8221;&#8221; text_font_size_phone=&#8221;16px&#8221; text_font_size_last_edited=&#8221;on|phone&#8221;]\n<p>QUARTZO has innovative and flexible equipment, integrated in real time or not, according to the customer's needs. Get to know our product line and specialized technical services, perfect for the complete project of personalized systems of intelligent monitoring and access control.<\/p>\n[\/et_pb_text][\/et_pb_column][\/et_pb_row][et_pb_row _builder_version=&#8221;3.25&#8243; custom_padding=&#8221;12px||32px|||&#8221;][et_pb_column type=&#8221;4_4&#8243; _builder_version=&#8221;3.25&#8243; custom_padding=&#8221;|||&#8221; custom_padding__hover=&#8221;|||&#8221;][et_pb_text _builder_version=&#8221;4.8.2&#8243; header_font=&#8221;Khand|700|on||||||&#8221; header_text_align=&#8221;left&#8221; header_font_size=&#8221;100px&#8221; header_2_font=&#8221;Khand|700|on||||||&#8221; header_2_text_align=&#8221;left&#8221; header_2_font_size=&#8221;30px&#8221; transform_skew=&#8221;-6deg|0deg&#8221; transform_skew_linked=&#8221;off&#8221; custom_margin=&#8221;||0px|||&#8221; header_font_size_tablet=&#8221;80px&#8221; header_font_size_phone=&#8221;60px&#8221; header_font_size_last_edited=&#8221;on|desktop&#8221; header_2_font_size_tablet=&#8221;80px&#8221; header_2_font_size_phone=&#8221;60px&#8221; header_2_font_size_last_edited=&#8221;off|tablet&#8221;]\n<h2>Forensic Investigation<\/h2>\n[\/et_pb_text][et_pb_divider color=&#8221;#186E82&#8243; divider_style=&#8221;double&#8221; divider_weight=&#8221;10px&#8221; _builder_version=&#8221;3.21.1&#8243; transform_skew=&#8221;-20deg|0deg&#8221; max_width=&#8221;100px&#8221; height=&#8221;10px&#8221; locked=&#8221;off&#8221;][\/et_pb_divider][\/et_pb_column][\/et_pb_row][et_pb_row column_structure=&#8221;1_2,1_2&#8243; _builder_version=&#8221;3.29.3&#8243; custom_padding=&#8221;35px||6px|||&#8221;][et_pb_column type=&#8221;1_2&#8243; _builder_version=&#8221;3.29.3&#8243;][et_pb_image src=&#8221;http:\/\/quartzodefense.com\/wp-content\/uploads\/2021\/02\/investigacao-01.png&#8221; title_text=&#8221;investigacao-01&#8243; show_bottom_space=&#8221;off&#8221; align=&#8221;center&#8221; _builder_version=&#8221;4.8.2&#8243;][\/et_pb_image][\/et_pb_column][et_pb_column type=&#8221;1_2&#8243; _builder_version=&#8221;3.29.3&#8243;][et_pb_text _builder_version=&#8221;4.8.2&#8243; text_font=&#8221;||||||||&#8221; text_font_size=&#8221;16px&#8221; text_line_height=&#8221;2em&#8221; text_font_size_tablet=&#8221;&#8221; text_font_size_phone=&#8221;16px&#8221; text_font_size_last_edited=&#8221;on|phone&#8221; custom_padding=&#8221;||0px|||&#8221; hover_enabled=&#8221;0&#8243; sticky_enabled=&#8221;0&#8243;]\n<p>Forensic science is the set of processes and techniques used to investigate crimes that makes use of the most varied of existing sciences, including physics, chemistry, biology, anthropology, entomology, odontology, criminology, psychology, and pathology. The specialized professional who uses these sciences to solve crimes is called a forensic expert or criminal expert, and may have a degree or a post-graduate degree in any of these sciences. In the criminalistics area it is very common for there to be conflicts between information from the parties involved, making conclusions and judgments difficult.\u00a0<\/p>\n[\/et_pb_text][\/et_pb_column][\/et_pb_row][et_pb_row _builder_version=&#8221;4.4.4&#8243; custom_padding=&#8221;13px|||||&#8221;][et_pb_column type=&#8221;4_4&#8243; _builder_version=&#8221;4.4.4&#8243;][et_pb_text _builder_version=&#8221;4.8.2&#8243; text_font=&#8221;||||||||&#8221; text_font_size=&#8221;16px&#8221; text_line_height=&#8221;2em&#8221; text_font_size_tablet=&#8221;&#8221; text_font_size_phone=&#8221;16px&#8221; text_font_size_last_edited=&#8221;on|phone&#8221; hover_enabled=&#8221;0&#8243; sticky_enabled=&#8221;0&#8243;]\n<p>The use of forensic investigation and criminal expertise techniques has as its main objective the verification of the veracity of this information in order to provide investigators, judges and others involved in the case with clarifications about the facts that occurred. The techniques employed allow it to be possible to identify, with relative precision, whether or not a person, for example, was at the scene of the crime from a simple fingerprint or biological trace found at the crime scene.<\/p>\n[\/et_pb_text][\/et_pb_column][\/et_pb_row][et_pb_row column_structure=&#8221;1_2,1_2&#8243; _builder_version=&#8221;4.4.4&#8243; custom_padding=&#8221;19px||18px|||&#8221;][et_pb_column type=&#8221;1_2&#8243; _builder_version=&#8221;4.4.4&#8243;][et_pb_text _builder_version=&#8221;4.8.2&#8243; text_font=&#8221;||||||||&#8221; text_font_size=&#8221;16px&#8221; text_line_height=&#8221;2em&#8221; text_font_size_tablet=&#8221;&#8221; text_font_size_phone=&#8221;16px&#8221; text_font_size_last_edited=&#8221;on|phone&#8221; hover_enabled=&#8221;0&#8243; sticky_enabled=&#8221;0&#8243;]\n<p>In some situations, forensic specialists use the technology of DNA testing, the analysis of the authenticity of works of art and documents, or the examination of adulterated fuel, among other analyses. Precise clarification is of paramount importance to the whole process, it is through this that proper sentences are applied and, above all, justice is done.<\/p>\n[\/et_pb_text][\/et_pb_column][et_pb_column type=&#8221;1_2&#8243; _builder_version=&#8221;4.4.4&#8243;][et_pb_image src=&#8221;http:\/\/quartzodefense.com\/wp-content\/uploads\/2021\/02\/investigacao-02.png&#8221; title_text=&#8221;investigacao-02&#8243; _builder_version=&#8221;4.8.2&#8243; hover_enabled=&#8221;0&#8243; sticky_enabled=&#8221;0&#8243;][\/et_pb_image][\/et_pb_column][\/et_pb_row][et_pb_row _builder_version=&#8221;4.4.4&#8243; custom_padding=&#8221;13px|||||&#8221;][et_pb_column type=&#8221;4_4&#8243; _builder_version=&#8221;4.4.4&#8243;][et_pb_text _builder_version=&#8221;4.8.2&#8243; text_font=&#8221;||||||||&#8221; text_font_size=&#8221;16px&#8221; text_line_height=&#8221;2em&#8221; text_font_size_tablet=&#8221;&#8221; text_font_size_phone=&#8221;16px&#8221; text_font_size_last_edited=&#8221;on|phone&#8221; hover_enabled=&#8221;0&#8243; sticky_enabled=&#8221;0&#8243;]\n<p>QUARTZO Defense Engineering provides a portfolio of materials, instruments and equipment for the practice of forensic investigation in its various specialties, including forensic chemistry. We are proud to count on a range of specialized suppliers, internationally recognized by the quality of their products, to attend our customers adequately and exceed their expectations.<\/p>\n[\/et_pb_text][\/et_pb_column][\/et_pb_row][et_pb_row column_structure=&#8221;1_2,1_2&#8243; _builder_version=&#8221;4.4.4&#8243; custom_padding=&#8221;25px|||||&#8221; gutter_width__hover_enabled=&#8221;off|desktop&#8221; max_width__hover_enabled=&#8221;on|desktop&#8221;][et_pb_column type=&#8221;1_2&#8243; _builder_version=&#8221;4.4.4&#8243;][\/et_pb_column][et_pb_column type=&#8221;1_2&#8243; _builder_version=&#8221;4.4.4&#8243;][et_pb_button button_url=&#8221;https:\/\/quartzodefense.com\/detalhamento-inteligencia-controle-de-acesso-e-investigacao\/&#8221; button_text=&#8221;Saiba mais&#8221; button_alignment=&#8221;right&#8221; button_alignment_tablet=&#8221;&#8221; button_alignment_phone=&#8221;left&#8221; button_alignment_last_edited=&#8221;on|desktop&#8221; _builder_version=&#8221;4.7.7&#8243; custom_button=&#8221;on&#8221; button_text_size=&#8221;14px&#8221; button_text_color=&#8221;#ffffff&#8221; button_bg_color=&#8221;#2E94AE&#8221; button_border_width=&#8221;0px&#8221; button_border_radius=&#8221;0px&#8221; button_letter_spacing=&#8221;3px&#8221; button_font=&#8221;|700||on|||||&#8221; button_icon=&#8221;%%36%%&#8221; button_on_hover=&#8221;off&#8221; transform_skew=&#8221;-22deg|0deg&#8221; transform_skew_linked=&#8221;off&#8221; custom_padding=&#8221;15px|40px|15px|30px|true|false&#8221; button_bg_color__hover_enabled=&#8221;on|hover&#8221; button_bg_color__hover=&#8221;#34b5c9&#8243; button_bg_enable_color__hover=&#8221;on&#8221;][\/et_pb_button][et_pb_button button_url=&#8221;https:\/\/quartzodefense.com\/grid-inteligencia-controle-de-acesso-e-investigacao\/&#8221; button_text=&#8221;Grade de Produtos&#8221; button_alignment=&#8221;right&#8221; button_alignment_tablet=&#8221;&#8221; button_alignment_phone=&#8221;left&#8221; button_alignment_last_edited=&#8221;on|desktop&#8221; _builder_version=&#8221;4.7.7&#8243; custom_button=&#8221;on&#8221; button_text_size=&#8221;14px&#8221; button_text_color=&#8221;#ffffff&#8221; button_bg_color=&#8221;#2E94AE&#8221; button_border_width=&#8221;0px&#8221; button_border_radius=&#8221;0px&#8221; button_letter_spacing=&#8221;3px&#8221; button_font=&#8221;|700||on|||||&#8221; button_icon=&#8221;%%36%%&#8221; button_on_hover=&#8221;off&#8221; transform_skew=&#8221;-22deg|0deg&#8221; transform_skew_linked=&#8221;off&#8221; custom_padding=&#8221;15px|40px|15px|30px|true|false&#8221; button_bg_color__hover_enabled=&#8221;on|hover&#8221; button_bg_color__hover=&#8221;#34b5c9&#8243; button_bg_enable_color__hover=&#8221;on&#8221;][\/et_pb_button][\/et_pb_column][\/et_pb_row][\/et_pb_section]","protected":false},"excerpt":{"rendered":"<p>Seguran\u00e7a Inteligente e Controle de AcessoAs cidades de hoje enfrentam um amplo espectro de amea\u00e7as que v\u00e3o do terrorismo ao aumento das taxas de criminalidade, agita\u00e7\u00f5es civis, tiroteios, desastres naturais e outras emerg\u00eancias. Para mitigar o impacto dessas situa\u00e7\u00f5es, as autoridades necessitam de informa\u00e7\u00f5es em tempo real sobre o que est\u00e1 acontecendo nos distritos, bairros [&hellip;]<\/p>","protected":false},"author":1,"featured_media":0,"parent":0,"menu_order":0,"comment_status":"closed","ping_status":"closed","template":"","meta":{"_et_pb_use_builder":"on","_et_pb_old_content":"","_et_gb_content_width":"","footnotes":""},"acf":[],"_links":{"self":[{"href":"https:\/\/quartzodefense.com\/en\/wp-json\/wp\/v2\/pages\/678"}],"collection":[{"href":"https:\/\/quartzodefense.com\/en\/wp-json\/wp\/v2\/pages"}],"about":[{"href":"https:\/\/quartzodefense.com\/en\/wp-json\/wp\/v2\/types\/page"}],"author":[{"embeddable":true,"href":"https:\/\/quartzodefense.com\/en\/wp-json\/wp\/v2\/users\/1"}],"replies":[{"embeddable":true,"href":"https:\/\/quartzodefense.com\/en\/wp-json\/wp\/v2\/comments?post=678"}],"version-history":[{"count":30,"href":"https:\/\/quartzodefense.com\/en\/wp-json\/wp\/v2\/pages\/678\/revisions"}],"predecessor-version":[{"id":4576,"href":"https:\/\/quartzodefense.com\/en\/wp-json\/wp\/v2\/pages\/678\/revisions\/4576"}],"wp:attachment":[{"href":"https:\/\/quartzodefense.com\/en\/wp-json\/wp\/v2\/media?parent=678"}],"curies":[{"name":"wp","href":"https:\/\/api.w.org\/{rel}","templated":true}]}}