


{"id":3812,"date":"2021-01-06T14:43:52","date_gmt":"2021-01-06T17:43:52","guid":{"rendered":"https:\/\/quartzodefense.com\/?page_id=3812"},"modified":"2021-02-03T15:55:51","modified_gmt":"2021-02-03T18:55:51","slug":"combate-a-incendios-e-outros-produtos","status":"publish","type":"page","link":"https:\/\/quartzodefense.com\/en\/combate-a-incendios-e-outros-produtos\/","title":{"rendered":"Fire Fighting and Other Products"},"content":{"rendered":"[et_pb_section fb_built=&#8221;1&#8243; _builder_version=&#8221;4.8.2&#8243; background_enable_color=&#8221;off&#8221; background_image=&#8221;http:\/\/quartzodefense.com\/wp-content\/uploads\/2021\/01\/quartzo-bombeiro.jpg&#8221; background_enable_video_mp4=&#8221;off&#8221; background_video_width=&#8221;1980&#8243; background_video_height=&#8221;1080&#8243; custom_padding=&#8221;0px||0px|||&#8221; sticky_position=&#8221;top&#8221; hover_enabled=&#8221;0&#8243; box_shadow_style=&#8221;preset3&#8243; box_shadow_vertical=&#8221;4px&#8221; box_shadow_blur=&#8221;20px&#8221; box_shadow_color=&#8221;rgba(0,0,0,0.4)&#8221; global_module=&#8221;4600&#8243; saved_tabs=&#8221;all&#8221; title_text=&#8221;quartzo-bombeiro&#8221; sticky_enabled=&#8221;0&#8243;][et_pb_row custom_padding_last_edited=&#8221;off|desktop&#8221; _builder_version=&#8221;4.7.7&#8243; background_color=&#8221;rgba(24,110,130,0.74)&#8221; width=&#8221;100%&#8221; max_width=&#8221;100%&#8221; custom_padding=&#8221;20px|5%|20px|5%|true|true&#8221; custom_padding_tablet=&#8221;50px|10%|50px|10%|true|true&#8221;][et_pb_column type=&#8221;4_4&#8243; _builder_version=&#8221;3.25&#8243; custom_padding=&#8221;|||&#8221; custom_padding__hover=&#8221;|||&#8221;][et_pb_text _builder_version=&#8221;4.7.7&#8243; _dynamic_attributes=&#8221;content&#8221; text_font=&#8221;|600|||||||&#8221; header_font=&#8221;Khand|700|on||||||&#8221; header_font_size=&#8221;60px&#8221; header_line_height=&#8221;1.2em&#8221; header_2_font=&#8221;Khand|700|on||||||&#8221; header_2_font_size=&#8221;80px&#8221; header_2_line_height=&#8221;1.2em&#8221; text_orientation=&#8221;center&#8221; background_layout=&#8221;dark&#8221; custom_margin_tablet=&#8221;|||60vw&#8221; custom_margin_last_edited=&#8221;off|phone&#8221; header_font_size_tablet=&#8221;40px&#8221; header_font_size_phone=&#8221;25px&#8221; header_font_size_last_edited=&#8221;on|phone&#8221; header_2_font_size_tablet=&#8221;40px&#8221; header_2_font_size_phone=&#8221;30px&#8221; header_2_font_size_last_edited=&#8221;on|tablet&#8221;]@ET-DC@eyJkeW5hbWljIjp0cnVlLCJjb250ZW50IjoicG9zdF90aXRsZSIsInNldHRpbmdzIjp7ImJlZm9yZSI6IjxoMT4iLCJhZnRlciI6IjwvaDE+In19@[\/et_pb_text][\/et_pb_column][\/et_pb_row][\/et_pb_section][et_pb_section fb_built=&#8221;1&#8243; _builder_version=&#8221;3.29.3&#8243; background_enable_color=&#8221;off&#8221; custom_padding=&#8221;50px||50px||true|&#8221;][et_pb_row _builder_version=&#8221;3.25&#8243; custom_padding=&#8221;12px||32px|||&#8221;][et_pb_column type=&#8221;4_4&#8243; _builder_version=&#8221;3.25&#8243; custom_padding=&#8221;|||&#8221; custom_padding__hover=&#8221;|||&#8221;][et_pb_button button_url=&#8221;https:\/\/quartzodefense.com\/grid-combate-a-incendios-e-outros-produtos\/&#8221; button_text=&#8221;Grade de Produtos&#8221; button_alignment=&#8221;right&#8221; button_alignment_tablet=&#8221;&#8221; button_alignment_phone=&#8221;left&#8221; button_alignment_last_edited=&#8221;on|desktop&#8221; _builder_version=&#8221;4.7.7&#8243; custom_button=&#8221;on&#8221; button_text_size=&#8221;14px&#8221; button_text_color=&#8221;#ffffff&#8221; button_bg_color=&#8221;#2E94AE&#8221; button_border_width=&#8221;0px&#8221; button_border_radius=&#8221;0px&#8221; button_letter_spacing=&#8221;3px&#8221; button_font=&#8221;|700||on|||||&#8221; button_icon=&#8221;%%36%%&#8221; button_on_hover=&#8221;off&#8221; transform_skew=&#8221;-22deg|0deg&#8221; transform_skew_linked=&#8221;off&#8221; custom_padding=&#8221;15px|40px|15px|30px|true|false&#8221; button_bg_color__hover_enabled=&#8221;on|hover&#8221; button_bg_color__hover=&#8221;#34b5c9&#8243; button_bg_enable_color__hover=&#8221;on&#8221;][\/et_pb_button][et_pb_text _builder_version=&#8221;4.8.2&#8243; header_font=&#8221;Khand|700|on||||||&#8221; header_text_align=&#8221;left&#8221; header_font_size=&#8221;100px&#8221; header_2_font=&#8221;Khand|700|on||||||&#8221; header_2_text_align=&#8221;left&#8221; header_2_font_size=&#8221;30px&#8221; transform_skew=&#8221;-6deg|0deg&#8221; transform_skew_linked=&#8221;off&#8221; custom_margin=&#8221;||0px|||&#8221; hover_enabled=&#8221;0&#8243; header_font_size_tablet=&#8221;80px&#8221; header_font_size_phone=&#8221;60px&#8221; header_font_size_last_edited=&#8221;on|desktop&#8221; header_2_font_size_tablet=&#8221;80px&#8221; header_2_font_size_phone=&#8221;60px&#8221; header_2_font_size_last_edited=&#8221;off|tablet&#8221; sticky_enabled=&#8221;0&#8243;]\n<h2>Firefighting<\/h2>\n[\/et_pb_text][et_pb_divider color=&#8221;#186E82&#8243; divider_style=&#8221;double&#8221; divider_weight=&#8221;10px&#8221; _builder_version=&#8221;3.21.1&#8243; transform_skew=&#8221;-20deg|0deg&#8221; max_width=&#8221;100px&#8221; height=&#8221;10px&#8221; locked=&#8221;off&#8221;][\/et_pb_divider][\/et_pb_column][\/et_pb_row][et_pb_row column_structure=&#8221;3_4,1_4&#8243; _builder_version=&#8221;3.29.3&#8243; custom_padding=&#8221;0px||0px|||&#8221;][et_pb_column type=&#8221;3_4&#8243; _builder_version=&#8221;3.27.4&#8243;][et_pb_text _builder_version=&#8221;4.8.2&#8243; text_font=&#8221;||||||||&#8221; text_font_size=&#8221;16px&#8221; text_line_height=&#8221;2em&#8221; hover_enabled=&#8221;0&#8243; text_font_size_tablet=&#8221;&#8221; text_font_size_phone=&#8221;16px&#8221; text_font_size_last_edited=&#8221;on|phone&#8221; sticky_enabled=&#8221;0&#8243;]\n<p>In a country of continental dimensions and abundance of biomes such as Brazil, we are not only used to vast green areas, but we also consider them to be our greatest wealth. The lives, species, and energies contained therein are precious and fragile, and it is of the utmost importance that we are prepared to protect them at any time and mitigate the consequences of a disaster that may strike them. In the news we are bombarded daily with headlines about climatic events, deforestation, natural fires, wildfires, and calamities of all kinds.\u00a0<\/p>\n[\/et_pb_text][\/et_pb_column][et_pb_column type=&#8221;1_4&#8243; _builder_version=&#8221;3.27.4&#8243;][et_pb_image src=&#8221;http:\/\/quartzodefense.com\/wp-content\/uploads\/2021\/02\/incendio-01.jpg&#8221; title_text=&#8221;incendio-01&#8243; align=&#8221;center&#8221; _builder_version=&#8221;4.8.2&#8243; hover_enabled=&#8221;0&#8243; sticky_enabled=&#8221;0&#8243;][\/et_pb_image][\/et_pb_column][\/et_pb_row][et_pb_row _builder_version=&#8221;4.4.4&#8243;][et_pb_column type=&#8221;4_4&#8243; _builder_version=&#8221;4.4.4&#8243;][et_pb_text _builder_version=&#8221;4.4.4&#8243; text_font=&#8221;||||||||&#8221; text_font_size=&#8221;16px&#8221; text_line_height=&#8221;2em&#8221; text_font_size_tablet=&#8221;&#8221; text_font_size_phone=&#8221;16px&#8221; text_font_size_last_edited=&#8221;on|phone&#8221;]\n<p>In the end, the main victims will always be us. Because we are a sustainable company with a strong commitment to the preservation of natural resources, QUARTZO Defense Engineering dedicates the same effort with which it seeks cutting-edge technologies for the segments of public safety and national defense, to find and provide solutions for preventing and fighting fires and natural disasters, as well as mitigating their consequences.\u00a0<\/p>\n<p>\u00a0QUARTZO Defense Engineering has available in its portfolio several types of equipment, products, tools and materials for firefighting in the following fields: alarm, launching, storage, generators and pumps, rescue, PPE and training. Considering the state of the art, we always seek high-tech solutions that present an excellent cost-benefit ratio. Get to know our product line and be sure to contact us, whenever you need us, because we seek to become your distributor of fire equipment.<\/p>\n[\/et_pb_text][\/et_pb_column][\/et_pb_row][et_pb_row _builder_version=&#8221;3.25&#8243; custom_padding=&#8221;12px||32px|||&#8221;][et_pb_column type=&#8221;4_4&#8243; _builder_version=&#8221;3.25&#8243; custom_padding=&#8221;|||&#8221; custom_padding__hover=&#8221;|||&#8221;][et_pb_text _builder_version=&#8221;4.8.2&#8243; header_font=&#8221;Khand|700|on||||||&#8221; header_text_align=&#8221;left&#8221; header_font_size=&#8221;100px&#8221; header_2_font=&#8221;Khand|700|on||||||&#8221; header_2_text_align=&#8221;left&#8221; header_2_font_size=&#8221;30px&#8221; transform_skew=&#8221;-6deg|0deg&#8221; transform_skew_linked=&#8221;off&#8221; custom_margin=&#8221;||0px|||&#8221; hover_enabled=&#8221;0&#8243; header_font_size_tablet=&#8221;80px&#8221; header_font_size_phone=&#8221;60px&#8221; header_font_size_last_edited=&#8221;on|desktop&#8221; header_2_font_size_tablet=&#8221;80px&#8221; header_2_font_size_phone=&#8221;60px&#8221; header_2_font_size_last_edited=&#8221;off|tablet&#8221; sticky_enabled=&#8221;0&#8243;]\n<h2>Other Products<\/h2>\n[\/et_pb_text][et_pb_divider color=&#8221;#186E82&#8243; divider_style=&#8221;double&#8221; divider_weight=&#8221;10px&#8221; _builder_version=&#8221;3.21.1&#8243; transform_skew=&#8221;-20deg|0deg&#8221; max_width=&#8221;100px&#8221; height=&#8221;10px&#8221; locked=&#8221;off&#8221;][\/et_pb_divider][\/et_pb_column][\/et_pb_row][et_pb_row _builder_version=&#8221;4.4.4&#8243;][et_pb_column type=&#8221;4_4&#8243; _builder_version=&#8221;4.4.4&#8243;][et_pb_text _builder_version=&#8221;4.4.4&#8243; text_font=&#8221;||||||||&#8221; text_font_size=&#8221;16px&#8221; text_line_height=&#8221;2em&#8221; text_font_size_tablet=&#8221;&#8221; text_font_size_phone=&#8221;16px&#8221; text_font_size_last_edited=&#8221;on|phone&#8221;]\n<p>QUARTZO Defense Engineering has segmented its portfolio into ten specialized product groups, associated by similarity of employment, namely: Aviation and Human Factor Technical Consulting; Ballistic and Operational Protection; Less-Lethal Devices; Combat Technology; Armament and Ammunition; Tactical Vehicles; Operational Drones; Intelligence, Access Control and Investigation; Flight and Operational Simulators; Urban Mobility and Robotics; Health and Aesthetics; and Firefighting. However, in our constant search to meet the needs of federal, state and municipal public agencies and private Brazilian companies and professionals, new products may be necessary and will be presented in this group, until a new group is justified. If you are interested in any product not found in our portfolio, associated with the segments above, please contact us, presenting your needs. At the same time, QUARTZO declares its respect to all professionals who use the products commercialized by it and, in respect to them and their needs, will continue in its incessant search for new technologies that can contribute for the best safety and performance of Brazilian professionals and for the growth of the country.<\/p>\n[\/et_pb_text][\/et_pb_column][\/et_pb_row][et_pb_row column_structure=&#8221;1_2,1_2&#8243; _builder_version=&#8221;4.4.4&#8243; custom_padding=&#8221;25px|||||&#8221; gutter_width__hover_enabled=&#8221;off|desktop&#8221; max_width__hover_enabled=&#8221;on|desktop&#8221;][et_pb_column type=&#8221;1_2&#8243; _builder_version=&#8221;4.4.4&#8243;][\/et_pb_column][et_pb_column type=&#8221;1_2&#8243; _builder_version=&#8221;4.4.4&#8243;][et_pb_button button_url=&#8221;https:\/\/quartzodefense.com\/detalhamento-combate-a-incendios-e-outros-produtos\/&#8221; button_text=&#8221;Saiba mais&#8221; button_alignment=&#8221;right&#8221; button_alignment_tablet=&#8221;&#8221; button_alignment_phone=&#8221;left&#8221; button_alignment_last_edited=&#8221;on|desktop&#8221; _builder_version=&#8221;4.7.7&#8243; custom_button=&#8221;on&#8221; button_text_size=&#8221;14px&#8221; button_text_color=&#8221;#ffffff&#8221; button_bg_color=&#8221;#2E94AE&#8221; button_border_width=&#8221;0px&#8221; button_border_radius=&#8221;0px&#8221; button_letter_spacing=&#8221;3px&#8221; button_font=&#8221;|700||on|||||&#8221; button_icon=&#8221;%%36%%&#8221; button_on_hover=&#8221;off&#8221; transform_skew=&#8221;-22deg|0deg&#8221; transform_skew_linked=&#8221;off&#8221; custom_padding=&#8221;15px|40px|15px|30px|true|false&#8221; button_bg_color__hover_enabled=&#8221;on|hover&#8221; button_bg_color__hover=&#8221;#34b5c9&#8243; button_bg_enable_color__hover=&#8221;on&#8221;][\/et_pb_button][et_pb_button button_url=&#8221;https:\/\/quartzodefense.com\/grid-combate-a-incendios-e-outros-produtos\/&#8221; button_text=&#8221;Grade de Produtos&#8221; button_alignment=&#8221;right&#8221; button_alignment_tablet=&#8221;&#8221; button_alignment_phone=&#8221;left&#8221; button_alignment_last_edited=&#8221;on|desktop&#8221; _builder_version=&#8221;4.7.7&#8243; custom_button=&#8221;on&#8221; button_text_size=&#8221;14px&#8221; button_text_color=&#8221;#ffffff&#8221; button_bg_color=&#8221;#2E94AE&#8221; button_border_width=&#8221;0px&#8221; button_border_radius=&#8221;0px&#8221; button_letter_spacing=&#8221;3px&#8221; button_font=&#8221;|700||on|||||&#8221; button_icon=&#8221;%%36%%&#8221; button_on_hover=&#8221;off&#8221; transform_skew=&#8221;-22deg|0deg&#8221; transform_skew_linked=&#8221;off&#8221; custom_padding=&#8221;15px|40px|15px|30px|true|false&#8221; button_bg_color__hover_enabled=&#8221;on|hover&#8221; button_bg_color__hover=&#8221;#34b5c9&#8243; button_bg_enable_color__hover=&#8221;on&#8221;][\/et_pb_button][\/et_pb_column][\/et_pb_row][\/et_pb_section]","protected":false},"excerpt":{"rendered":"<p>Combate a Inc\u00eandioEm um pa\u00eds com dimens\u00f5es continentais e fartura de biomas como o Brasil, n\u00e3o s\u00f3 estamos acostumados com vastas \u00e1reas verdes como as consideramos nossas grandes riquezas. As vidas, esp\u00e9cies e energias nelas contidas s\u00e3o preciosas e fr\u00e1geis, tornando-se de suma import\u00e2ncia que estejamos preparados para proteg\u00ea-las a qualquer momento e mitigar as [&hellip;]<\/p>","protected":false},"author":1,"featured_media":0,"parent":0,"menu_order":0,"comment_status":"closed","ping_status":"closed","template":"","meta":{"_et_pb_use_builder":"on","_et_pb_old_content":"","_et_gb_content_width":"","footnotes":""},"acf":[],"_links":{"self":[{"href":"https:\/\/quartzodefense.com\/en\/wp-json\/wp\/v2\/pages\/3812"}],"collection":[{"href":"https:\/\/quartzodefense.com\/en\/wp-json\/wp\/v2\/pages"}],"about":[{"href":"https:\/\/quartzodefense.com\/en\/wp-json\/wp\/v2\/types\/page"}],"author":[{"embeddable":true,"href":"https:\/\/quartzodefense.com\/en\/wp-json\/wp\/v2\/users\/1"}],"replies":[{"embeddable":true,"href":"https:\/\/quartzodefense.com\/en\/wp-json\/wp\/v2\/comments?post=3812"}],"version-history":[{"count":7,"href":"https:\/\/quartzodefense.com\/en\/wp-json\/wp\/v2\/pages\/3812\/revisions"}],"predecessor-version":[{"id":4603,"href":"https:\/\/quartzodefense.com\/en\/wp-json\/wp\/v2\/pages\/3812\/revisions\/4603"}],"wp:attachment":[{"href":"https:\/\/quartzodefense.com\/en\/wp-json\/wp\/v2\/media?parent=3812"}],"curies":[{"name":"wp","href":"https:\/\/api.w.org\/{rel}","templated":true}]}}