


{"id":269,"date":"2019-09-15T17:21:40","date_gmt":"2019-09-15T20:21:40","guid":{"rendered":"https:\/\/quartzodefense.com\/?page_id=269"},"modified":"2021-02-03T14:34:06","modified_gmt":"2021-02-03T17:34:06","slug":"simuladores-de-voo-e-operacionais","status":"publish","type":"page","link":"https:\/\/quartzodefense.com\/en\/simuladores-de-voo-e-operacionais\/","title":{"rendered":"Flight and Operational Simulators"},"content":{"rendered":"[et_pb_section fb_built=&#8221;1&#8243; _builder_version=&#8221;4.7.7&#8243; background_enable_color=&#8221;off&#8221; background_image=&#8221;http:\/\/quartzodefense.com\/wp-content\/uploads\/2020\/05\/simulador-voo-01.jpg&#8221; parallax=&#8221;on&#8221; background_enable_video_mp4=&#8221;off&#8221; background_video_width=&#8221;1980&#8243; background_video_height=&#8221;1080&#8243; custom_padding=&#8221;0px||0px|||&#8221; sticky_position=&#8221;top&#8221; box_shadow_style=&#8221;preset3&#8243; box_shadow_vertical=&#8221;4px&#8221; box_shadow_blur=&#8221;20px&#8221; box_shadow_color=&#8221;rgba(0,0,0,0.4)&#8221; global_module=&#8221;2646&#8243; saved_tabs=&#8221;all&#8221;][et_pb_row custom_padding_last_edited=&#8221;off|desktop&#8221; _builder_version=&#8221;4.7.7&#8243; background_color=&#8221;rgba(24,110,130,0.74)&#8221; width=&#8221;100%&#8221; max_width=&#8221;100%&#8221; custom_padding=&#8221;20px|5%|20px|5%|true|true&#8221; custom_padding_tablet=&#8221;50px|10%|50px|10%|true|true&#8221;][et_pb_column type=&#8221;4_4&#8243; _builder_version=&#8221;3.25&#8243; custom_padding=&#8221;|||&#8221; custom_padding__hover=&#8221;|||&#8221;][et_pb_text _builder_version=&#8221;4.7.7&#8243; _dynamic_attributes=&#8221;content&#8221; text_font=&#8221;|600|||||||&#8221; header_font=&#8221;Khand|700|on||||||&#8221; header_font_size=&#8221;60px&#8221; header_line_height=&#8221;1.2em&#8221; header_2_font=&#8221;Khand|700|on||||||&#8221; header_2_font_size=&#8221;80px&#8221; header_2_line_height=&#8221;1.2em&#8221; text_orientation=&#8221;center&#8221; background_layout=&#8221;dark&#8221; custom_margin_tablet=&#8221;|||60vw&#8221; custom_margin_last_edited=&#8221;off|phone&#8221; header_font_size_tablet=&#8221;40px&#8221; header_font_size_phone=&#8221;25px&#8221; header_font_size_last_edited=&#8221;on|phone&#8221; header_2_font_size_tablet=&#8221;40px&#8221; header_2_font_size_phone=&#8221;30px&#8221; header_2_font_size_last_edited=&#8221;on|tablet&#8221;]@ET-DC@eyJkeW5hbWljIjp0cnVlLCJjb250ZW50IjoicG9zdF90aXRsZSIsInNldHRpbmdzIjp7ImJlZm9yZSI6IjxoMT4iLCJhZnRlciI6IjwvaDE+In19@[\/et_pb_text][\/et_pb_column][\/et_pb_row][\/et_pb_section][et_pb_section fb_built=&#8221;1&#8243; _builder_version=&#8221;3.29.3&#8243; background_enable_color=&#8221;off&#8221; custom_padding=&#8221;50px||50px||true|&#8221;][et_pb_row _builder_version=&#8221;3.25&#8243; custom_padding=&#8221;12px||32px|||&#8221;][et_pb_column type=&#8221;4_4&#8243; _builder_version=&#8221;3.25&#8243; custom_padding=&#8221;|||&#8221; custom_padding__hover=&#8221;|||&#8221;][et_pb_text _builder_version=&#8221;4.4.4&#8243; _dynamic_attributes=&#8221;content&#8221; header_font=&#8221;Khand|700|on||||||&#8221; header_text_align=&#8221;left&#8221; header_font_size=&#8221;100px&#8221; header_2_font=&#8221;Khand|700|on||||||&#8221; header_2_text_align=&#8221;left&#8221; header_2_font_size=&#8221;30px&#8221; transform_skew=&#8221;-6deg|0deg&#8221; transform_skew_linked=&#8221;off&#8221; custom_margin=&#8221;||0px|||&#8221; header_font_size_tablet=&#8221;80px&#8221; header_font_size_phone=&#8221;60px&#8221; header_font_size_last_edited=&#8221;on|desktop&#8221; header_2_font_size_tablet=&#8221;80px&#8221; header_2_font_size_phone=&#8221;60px&#8221; header_2_font_size_last_edited=&#8221;off|tablet&#8221;]@ET-DC@eyJkeW5hbWljIjp0cnVlLCJjb250ZW50IjoicG9zdF90aXRsZSIsInNldHRpbmdzIjp7ImJlZm9yZSI6IjxoMj4iLCJhZnRlciI6IjwvaDI+In19@[\/et_pb_text][et_pb_divider color=&#8221;#186E82&#8243; divider_style=&#8221;double&#8221; divider_weight=&#8221;10px&#8221; _builder_version=&#8221;3.21.1&#8243; transform_skew=&#8221;-20deg|0deg&#8221; max_width=&#8221;100px&#8221; height=&#8221;10px&#8221; locked=&#8221;off&#8221;][\/et_pb_divider][\/et_pb_column][\/et_pb_row][et_pb_row column_structure=&#8221;1_2,1_2&#8243; _builder_version=&#8221;3.29.3&#8243; custom_padding=&#8221;0px||0px|||&#8221;][et_pb_column type=&#8221;1_2&#8243; _builder_version=&#8221;3.27.4&#8243;][et_pb_text _builder_version=&#8221;4.8.2&#8243; text_font=&#8221;||||||||&#8221; text_font_size=&#8221;16px&#8221; text_line_height=&#8221;2em&#8221; hover_enabled=&#8221;0&#8243; text_font_size_tablet=&#8221;&#8221; text_font_size_phone=&#8221;16px&#8221; text_font_size_last_edited=&#8221;on|phone&#8221; sticky_enabled=&#8221;0&#8243;]\n<p>Simulators are, devices that allow the training of machines and equipment, reducing the time and cost of training their operators, as well as reducing the risk of accidents and damage to real aircraft and equipment if they were employed for training inexperienced operators or for training reactions to major emergencies. A flight simulator, for example, is a device that artificially recreates the flight of the aircraft and the environment in which the flight occurs and includes replicating the equations that govern how aircraft fly and how they react to flight control applications and external factors such as air density, turbulence, wind effects, clouds, precipitation, etc.<\/p>\n[\/et_pb_text][\/et_pb_column][et_pb_column type=&#8221;1_2&#8243; _builder_version=&#8221;3.27.4&#8243;][et_pb_image src=&#8221;http:\/\/quartzodefense.com\/wp-content\/uploads\/2020\/05\/simulador-voo-01.jpg&#8221; title_text=&#8221;simulador-voo-01&#8243; _builder_version=&#8221;4.4.4&#8243;][\/et_pb_image][\/et_pb_column][\/et_pb_row][et_pb_row _builder_version=&#8221;4.4.4&#8243; custom_padding=&#8221;8px|||||&#8221;][et_pb_column type=&#8221;4_4&#8243; _builder_version=&#8221;4.4.4&#8243;][et_pb_text _builder_version=&#8221;4.8.2&#8243; text_font=&#8221;||||||||&#8221; text_font_size=&#8221;16px&#8221; text_line_height=&#8221;2em&#8221; hover_enabled=&#8221;0&#8243; text_font_size_tablet=&#8221;&#8221; text_font_size_phone=&#8221;16px&#8221; text_font_size_last_edited=&#8221;on|phone&#8221; sticky_enabled=&#8221;0&#8243;]\n<p>In this way, operational simulators are developed to artificially recreate convenient scenarios, convergent with the objective, which can be training or performance evaluation. The current professional flight simulator is a complex device, with a system of electro-hydraulic actuators to recreate the movements of an aircraft during its flight. They serve as a teaching and training tool, and in some cases help the authorities to investigate the causes of aircraft accidents. They are often used to reduce maintenance costs, wear and tear, and retrain pilots in normal and adverse situations as critical condition training. Their operating cost is about 1\/8 of the cost of an hour flown in a real aircraft.<\/p>\n[\/et_pb_text][\/et_pb_column][\/et_pb_row][et_pb_row column_structure=&#8221;1_2,1_2&#8243; _builder_version=&#8221;3.29.3&#8243; custom_padding=&#8221;35px||6px|||&#8221;][et_pb_column type=&#8221;1_2&#8243; _builder_version=&#8221;3.29.3&#8243;][et_pb_image src=&#8221;http:\/\/quartzodefense.com\/wp-content\/uploads\/2020\/05\/simulador-voo-02.jpg&#8221; title_text=&#8221;simulador-voo-02&#8243; _builder_version=&#8221;4.4.4&#8243;][\/et_pb_image][\/et_pb_column][et_pb_column type=&#8221;1_2&#8243; _builder_version=&#8221;3.29.3&#8243;][et_pb_text _builder_version=&#8221;4.8.2&#8243; text_font=&#8221;||||||||&#8221; text_font_size=&#8221;16px&#8221; text_line_height=&#8221;2em&#8221; hover_enabled=&#8221;0&#8243; text_font_size_tablet=&#8221;&#8221; text_font_size_phone=&#8221;16px&#8221; text_font_size_last_edited=&#8221;on|phone&#8221; sticky_enabled=&#8221;0&#8243;]\n<p>Currently, QUARTZO Defense Engineering provides support for the operation of some of the main military flight simulators existing in Brazil. Among them is the flight simulator of the Airbus CASA C-295 aircraft, designated in Brazil as C-105 Amazonas, classified as FMS (Full Mission Simulator), installed at the Manaus Air Base - AM, where QUARTZO has a qualified technical staff to meet the demands of the Brazilian Air Force contract.<\/p>\n<p>QUARTZO performs similar services for two other flight simulator models of the Brazilian Air Force, namely, the Northrop F-105E \/ FM - Tiger II aircraft flight simulators, a tactical air defense and ground attack fighter, and the Embraer EMB-314 aircraft flight simulators, which received the FAB denomination A-29 Super Tucano, a turboprop aircraft for light attack and advanced training.<\/p>\n[\/et_pb_text][\/et_pb_column][\/et_pb_row][et_pb_row _builder_version=&#8221;4.4.4&#8243; custom_padding=&#8221;8px|||||&#8221;][et_pb_column type=&#8221;4_4&#8243; _builder_version=&#8221;4.4.4&#8243;][et_pb_text _builder_version=&#8221;4.8.2&#8243; text_font=&#8221;||||||||&#8221; text_font_size=&#8221;16px&#8221; text_line_height=&#8221;2em&#8221; hover_enabled=&#8221;0&#8243; text_font_size_tablet=&#8221;&#8221; text_font_size_phone=&#8221;16px&#8221; text_font_size_last_edited=&#8221;on|phone&#8221; sticky_enabled=&#8221;0&#8243;]\n<p>Operational Simulators are, in a similar way to flight simulators, devices that allow the operational training of machines and equipment, reducing the time and cost of training their operators, as well as reducing the risk of accidents and damage to real equipment if they were used for training inexperienced operators. The trend is for these simulators to be of the FMS - Full Mission Simulator type, so that they allow training not only in driving the equipment, but also in the use of all its operational resources. There are also operational simulators for small, medium, and large vehicles, drilling machines, robots, and other equipment whose costs and risks associated with training their operation can be reduced and optimized through operational simulators.<\/p>\n<p>Shooting simulators are devices designed to optimize the training of civilian, police or military shooters, as well as to reduce the cost of such training, since real ammunition is not used. It also greatly reduces the risks associated with this training, especially for shooters who are just beginning their training.<\/p>\n<p>QUARTZO Defense Engineering is ready to employ all its capability and experience to serve with excellence the Brazilian Air Force flight simulators and make available the same type of support to all types of operational simulators existing in the Brazilian market, seeking to guarantee that our customers can extract the ideal performance from their equipment.<\/p>\n[\/et_pb_text][\/et_pb_column][\/et_pb_row][et_pb_row _builder_version=&#8221;4.4.4&#8243;][et_pb_column type=&#8221;4_4&#8243; _builder_version=&#8221;4.4.4&#8243;][et_pb_button button_url=&#8221;https:\/\/quartzodefense.com\/detalhamento-simuladores-de-voo-e-operacionais\/&#8221; button_text=&#8221;Saiba mais&#8221; button_alignment=&#8221;right&#8221; button_alignment_tablet=&#8221;&#8221; button_alignment_phone=&#8221;left&#8221; button_alignment_last_edited=&#8221;on|desktop&#8221; _builder_version=&#8221;4.7.7&#8243; custom_button=&#8221;on&#8221; button_text_size=&#8221;14px&#8221; button_text_color=&#8221;#ffffff&#8221; button_bg_color=&#8221;#2E94AE&#8221; button_border_width=&#8221;0px&#8221; button_border_radius=&#8221;0px&#8221; button_letter_spacing=&#8221;3px&#8221; button_font=&#8221;|700||on|||||&#8221; button_icon=&#8221;%%36%%&#8221; button_on_hover=&#8221;off&#8221; transform_skew=&#8221;-22deg|0deg&#8221; transform_skew_linked=&#8221;off&#8221; custom_padding=&#8221;15px|40px|15px|30px|true|false&#8221; button_bg_color__hover_enabled=&#8221;on|hover&#8221; button_bg_color__hover=&#8221;#34b5c9&#8243; button_bg_enable_color__hover=&#8221;on&#8221;][\/et_pb_button][\/et_pb_column][\/et_pb_row][\/et_pb_section][et_pb_section fb_built=&#8221;1&#8243; custom_padding_last_edited=&#8221;on|tablet&#8221; _builder_version=&#8221;4.4.4&#8243; background_color=&#8221;#f7f7f7&#8243; custom_padding=&#8221;80px||80px||true|&#8221; custom_padding_tablet=&#8221;40px||40px||true|false&#8221; custom_padding_phone=&#8221;&#8221;][et_pb_row column_structure=&#8221;1_2,1_2&#8243; _builder_version=&#8221;3.27.4&#8243; width=&#8221;90%&#8221; max_width=&#8221;80%&#8221; custom_padding=&#8221;12px||0px|||&#8221;][et_pb_column type=&#8221;1_2&#8243; _builder_version=&#8221;3.25&#8243; custom_padding=&#8221;|||&#8221; custom_padding__hover=&#8221;|||&#8221;][et_pb_text _builder_version=&#8221;3.29.3&#8243; header_font=&#8221;Khand|700|on||||||&#8221; header_text_align=&#8221;left&#8221; header_font_size=&#8221;100px&#8221; header_2_font=&#8221;Khand|700|on||||||&#8221; header_2_text_align=&#8221;left&#8221; header_2_font_size=&#8221;90px&#8221; transform_skew=&#8221;-6deg|0deg&#8221; transform_skew_linked=&#8221;off&#8221; custom_margin=&#8221;||0px|||&#8221; header_font_size_tablet=&#8221;80px&#8221; header_font_size_phone=&#8221;60px&#8221; header_font_size_last_edited=&#8221;on|desktop&#8221; header_2_font_size_tablet=&#8221;80px&#8221; header_2_font_size_phone=&#8221;60px&#8221; header_2_font_size_last_edited=&#8221;on|desktop&#8221;]\n<h2>Request a quotation\u00a0<\/h2>\n[\/et_pb_text][et_pb_divider color=&#8221;#186E82&#8243; divider_style=&#8221;double&#8221; divider_weight=&#8221;10px&#8221; _builder_version=&#8221;3.21.1&#8243; transform_skew=&#8221;-20deg|0deg&#8221; max_width=&#8221;100px&#8221; height=&#8221;10px&#8221; locked=&#8221;off&#8221;][\/et_pb_divider][et_pb_text _builder_version=&#8221;4.7.6&#8243; text_font=&#8221;||||||||&#8221; text_font_size=&#8221;16px&#8221; text_line_height=&#8221;2em&#8221; text_font_size_tablet=&#8221;&#8221; text_font_size_phone=&#8221;16px&#8221; text_font_size_last_edited=&#8221;on|phone&#8221;]Solicite um or\u00e7amento sobre Simuladores Operacionais, preenchendo o formul\u00e1rio ao lado. Por favor, inclua os detalhes de sua necessidade no campo Observa\u00e7\u00f5es.[\/et_pb_text][et_pb_button button_text=&#8221;Whatsapp&#8221; button_alignment=&#8221;left&#8221; _builder_version=&#8221;3.27.4&#8243; custom_button=&#8221;on&#8221; button_text_size=&#8221;14px&#8221; button_text_color=&#8221;#ffffff&#8221; button_bg_color=&#8221;#2E94AE&#8221; button_border_width=&#8221;0px&#8221; button_border_color=&#8221;#34b5c9&#8243; button_border_radius=&#8221;0px&#8221; button_letter_spacing=&#8221;3px&#8221; button_font=&#8221;|700||on|||||&#8221; button_icon=&#8221;%%36%%&#8221; button_on_hover=&#8221;off&#8221; transform_skew=&#8221;-22deg|0deg&#8221; transform_skew_linked=&#8221;off&#8221; custom_margin=&#8221;28px|||||&#8221; custom_padding=&#8221;12px|40px|12px|24px|true|false&#8221; locked=&#8221;off&#8221; button_bg_color__hover_enabled=&#8221;on|hover&#8221; button_bg_color__hover=&#8221;#34b5c9&#8243; button_bg_enable_color__hover=&#8221;on&#8221;][\/et_pb_button][\/et_pb_column][et_pb_column type=&#8221;1_2&#8243; _builder_version=&#8221;3.25&#8243; custom_padding=&#8221;|||&#8221; custom_padding__hover=&#8221;|||&#8221;][et_pb_code _builder_version=&#8221;3.29.3&#8243;]<noscript class=\"ninja-forms-noscript-message\">\n\tNotice: JavaScript is required for this content.<\/noscript>\n<div id=\"nf-form-4-cont\" class=\"nf-form-cont\" aria-live=\"polite\" aria-labelledby=\"nf-form-title-4\" aria-describedby=\"nf-form-errors-4\" role=\"form\">\n\n    <div class=\"nf-loading-spinner\"><\/div>\n\n<\/div>\n        <!-- That data is being printed as a workaround to page builders reordering the order of the scripts loaded-->\n        <script>var formDisplay=1;var nfForms=nfForms||[];var form=[];form.id='4';form.settings={\"objectType\":\"Form Setting\",\"editActive\":true,\"title\":\"servi\\u00e7os-externo\",\"created_at\":\"2019-10-12 00:33:34\",\"form_title\":\"servi\\u00e7os-externo\",\"default_label_pos\":\"above\",\"show_title\":\"0\",\"clear_complete\":\"1\",\"hide_complete\":\"1\",\"logged_in\":\"0\",\"wrapper_class\":\"\",\"element_class\":\"formlp\",\"key\":\"\",\"add_submit\":\"1\",\"changeEmailErrorMsg\":\"Please enter a valid email address!\",\"changeDateErrorMsg\":\"Please enter a valid date!\",\"confirmFieldErrorMsg\":\"These fields must match!\",\"fieldNumberNumMinError\":\"Number Min Error\",\"fieldNumberNumMaxError\":\"Number Max Error\",\"fieldNumberIncrementBy\":\"Please increment by \",\"formErrorsCorrectErrors\":\"Please correct errors before submitting this form.\",\"validateRequiredField\":\"This is a required field.\",\"honeypotHoneypotError\":\"Honeypot Error\",\"fieldsMarkedRequired\":\"Campos marcados com <span style=\\\"color: #e80000;\\\">*<\\\/span> s\\u00e3o requeridos.\",\"currency\":\"\",\"unique_field_error\":\"Um formul\\u00e1rio com este valor j\\u00e1 foi enviado.\",\"not_logged_in_msg\":\"\",\"sub_limit_msg\":\"O formul\\u00e1rio atingiu seu limite de envio.\",\"calculations\":[],\"formContentData\":[\"nome_1568317688836\",\"sobrenome_1568317685723\",\"email_1568317701751\",\"phone_1568317704795\",\"empresa_organizacao_1568317676830\",\"observacoes_1570840437055\",\"enviar_1568327990498\"],\"drawerDisabled\":false,\"container_styles_show_advanced_css\":\"0\",\"title_styles_show_advanced_css\":\"0\",\"row_styles_show_advanced_css\":\"0\",\"row-odd_styles_show_advanced_css\":\"0\",\"success-msg_styles_show_advanced_css\":\"0\",\"error_msg_styles_show_advanced_css\":\"0\",\"allow_public_link\":0,\"embed_form\":\"\",\"repeatable_fieldsets\":\"\",\"ninjaForms\":\"Ninja Forms\",\"fieldTextareaRTEInsertLink\":\"Insert Link\",\"fieldTextareaRTEInsertMedia\":\"Insert Media\",\"fieldTextareaRTESelectAFile\":\"Select a file\",\"formHoneypot\":\"If you are a human seeing this field, please leave it empty.\",\"fileUploadOldCodeFileUploadInProgress\":\"File Upload in Progress.\",\"fileUploadOldCodeFileUpload\":\"FILE UPLOAD\",\"currencySymbol\":\"&#36;\",\"thousands_sep\":\",\",\"decimal_point\":\".\",\"siteLocale\":\"en_GB\",\"dateFormat\":\"m\\\/d\\\/Y\",\"startOfWeek\":\"1\",\"of\":\"of\",\"previousMonth\":\"Previous Month\",\"nextMonth\":\"Next Month\",\"months\":[\"January\",\"February\",\"March\",\"April\",\"May\",\"June\",\"July\",\"August\",\"September\",\"October\",\"November\",\"December\"],\"monthsShort\":[\"Jan\",\"Feb\",\"Mar\",\"Apr\",\"May\",\"Jun\",\"Jul\",\"Aug\",\"Sep\",\"Oct\",\"Nov\",\"Dec\"],\"weekdays\":[\"Sunday\",\"Monday\",\"Tuesday\",\"Wednesday\",\"Thursday\",\"Friday\",\"Saturday\"],\"weekdaysShort\":[\"Sun\",\"Mon\",\"Tue\",\"Wed\",\"Thu\",\"Fri\",\"Sat\"],\"weekdaysMin\":[\"Su\",\"Mo\",\"Tu\",\"We\",\"Th\",\"Fr\",\"Sa\"],\"recaptchaConsentMissing\":\"reCaptcha validation couldn&#039;t load.\",\"recaptchaMissingCookie\":\"reCaptcha v3 validation couldn&#039;t load the cookie needed to submit the form.\",\"recaptchaConsentEvent\":\"Accept reCaptcha cookies before sending the form.\",\"currency_symbol\":\"\",\"beforeForm\":\"\",\"beforeFields\":\"\",\"afterFields\":\"\",\"afterForm\":\"\"};form.fields=[{\"objectType\":\"Field\",\"objectDomain\":\"fields\",\"editActive\":false,\"order\":1,\"idAttribute\":\"id\",\"container_class\":\"\",\"placeholder\":\"\",\"default\":\"\",\"required\":1,\"label\":\"Nome\",\"type\":\"firstname\",\"key\":\"nome_1568317688836\",\"label_pos\":\"above\",\"element_class\":\"\",\"admin_label\":\"\",\"help_text\":\"\",\"custom_name_attribute\":\"fname\",\"personally_identifiable\":1,\"value\":\"\",\"drawerDisabled\":\"\",\"field_label\":\"Nome\",\"field_key\":\"nome_1568317688836\",\"wrap_styles_show_advanced_css\":0,\"label_styles_show_advanced_css\":0,\"element_styles_show_advanced_css\":0,\"cellcid\":\"c3206\",\"id\":20,\"beforeField\":\"\",\"afterField\":\"\",\"parentType\":\"firstname\",\"element_templates\":[\"firstname\",\"input\"],\"old_classname\":\"\",\"wrap_template\":\"wrap\"},{\"objectType\":\"Field\",\"objectDomain\":\"fields\",\"editActive\":false,\"order\":2,\"idAttribute\":\"id\",\"label\":\"Sobrenome\",\"type\":\"lastname\",\"key\":\"sobrenome_1568317685723\",\"label_pos\":\"above\",\"required\":\"\",\"default\":\"\",\"placeholder\":\"\",\"container_class\":\"\",\"element_class\":\"\",\"admin_label\":\"\",\"help_text\":\"\",\"custom_name_attribute\":\"lname\",\"personally_identifiable\":1,\"value\":\"\",\"drawerDisabled\":\"\",\"field_label\":\"Sobrenome\",\"field_key\":\"sobrenome_1568317685723\",\"wrap_styles_show_advanced_css\":0,\"label_styles_show_advanced_css\":0,\"element_styles_show_advanced_css\":0,\"cellcid\":\"c3209\",\"id\":21,\"beforeField\":\"\",\"afterField\":\"\",\"parentType\":\"lastname\",\"element_templates\":[\"lastname\",\"input\"],\"old_classname\":\"\",\"wrap_template\":\"wrap\"},{\"objectType\":\"Field\",\"objectDomain\":\"fields\",\"editActive\":false,\"order\":3,\"idAttribute\":\"id\",\"label\":\"E-mail\",\"type\":\"email\",\"key\":\"email_1568317701751\",\"label_pos\":\"above\",\"required\":1,\"default\":\"\",\"placeholder\":\"\",\"container_class\":\"\",\"element_class\":\"\",\"admin_label\":\"\",\"help_text\":\"\",\"custom_name_attribute\":\"email\",\"personally_identifiable\":1,\"value\":\"\",\"field_label\":\"E-mail\",\"field_key\":\"email_1568317701751\",\"wrap_styles_show_advanced_css\":0,\"label_styles_show_advanced_css\":0,\"element_styles_show_advanced_css\":0,\"cellcid\":\"c3212\",\"id\":22,\"beforeField\":\"\",\"afterField\":\"\",\"parentType\":\"email\",\"element_templates\":[\"email\",\"input\"],\"old_classname\":\"\",\"wrap_template\":\"wrap\"},{\"objectType\":\"Field\",\"objectDomain\":\"fields\",\"editActive\":false,\"order\":4,\"idAttribute\":\"id\",\"label\":\"Telefone\",\"type\":\"phone\",\"key\":\"phone_1568317704795\",\"label_pos\":\"above\",\"required\":1,\"default\":\"\",\"placeholder\":\"\",\"container_class\":\"\",\"element_class\":\"\",\"input_limit\":\"\",\"input_limit_type\":\"characters\",\"input_limit_msg\":\"Caractere(s) restante(s)\",\"manual_key\":\"\",\"admin_label\":\"\",\"help_text\":\"\",\"mask\":\"\",\"custom_mask\":\"\",\"custom_name_attribute\":\"phone\",\"personally_identifiable\":1,\"value\":\"\",\"field_label\":\"Telefone\",\"field_key\":\"phone_1568317704795\",\"drawerDisabled\":\"\",\"wrap_styles_show_advanced_css\":0,\"label_styles_show_advanced_css\":0,\"element_styles_show_advanced_css\":0,\"cellcid\":\"c3215\",\"id\":23,\"beforeField\":\"\",\"afterField\":\"\",\"parentType\":\"textbox\",\"element_templates\":[\"tel\",\"textbox\",\"input\"],\"old_classname\":\"\",\"wrap_template\":\"wrap\"},{\"objectType\":\"Field\",\"objectDomain\":\"fields\",\"editActive\":false,\"order\":5,\"idAttribute\":\"id\",\"label\":\"Empresa \\\/ Organiza\\u00e7\\u00e3o\",\"type\":\"textbox\",\"key\":\"empresa_organizacao_1568317676830\",\"label_pos\":\"above\",\"required\":1,\"default\":\"\",\"placeholder\":\"\",\"container_class\":\"\",\"element_class\":\"\",\"input_limit\":\"\",\"input_limit_type\":\"characters\",\"input_limit_msg\":\"Caractere(s) restante(s)\",\"manual_key\":\"\",\"admin_label\":\"\",\"help_text\":\"\",\"mask\":\"\",\"custom_mask\":\"\",\"custom_name_attribute\":\"\",\"personally_identifiable\":\"\",\"value\":\"\",\"field_label\":\"Empresa \\\/ Organiza\\u00e7\\u00e3o\",\"field_key\":\"empresa_organizacao_1568317676830\",\"wrap_styles_show_advanced_css\":0,\"label_styles_show_advanced_css\":0,\"element_styles_show_advanced_css\":0,\"cellcid\":\"c3218\",\"drawerDisabled\":false,\"id\":24,\"beforeField\":\"\",\"afterField\":\"\",\"parentType\":\"textbox\",\"element_templates\":[\"textbox\",\"input\"],\"old_classname\":\"\",\"wrap_template\":\"wrap\"},{\"objectType\":\"Field\",\"objectDomain\":\"fields\",\"editActive\":false,\"order\":6,\"idAttribute\":\"id\",\"label\":\"Observa\\u00e7\\u00f5es\",\"type\":\"textarea\",\"key\":\"observacoes_1570840437055\",\"label_pos\":\"above\",\"required\":1,\"default\":\"\",\"placeholder\":\"\",\"container_class\":\"\",\"element_class\":\"\",\"input_limit\":\"\",\"input_limit_type\":\"characters\",\"input_limit_msg\":\"Caractere(s) restante(s)\",\"manual_key\":\"\",\"admin_label\":\"\",\"help_text\":\"\",\"textarea_rte\":\"\",\"disable_rte_mobile\":\"\",\"textarea_media\":\"\",\"value\":\"\",\"drawerDisabled\":false,\"field_label\":\"Observa\\u00e7\\u00f5es\",\"field_key\":\"observacoes_1570840437055\",\"wrap_styles_show_advanced_css\":0,\"label_styles_show_advanced_css\":0,\"element_styles_show_advanced_css\":0,\"cellcid\":\"c3221\",\"id\":25,\"beforeField\":\"\",\"afterField\":\"\",\"parentType\":\"textarea\",\"element_templates\":[\"textarea\",\"input\"],\"old_classname\":\"\",\"wrap_template\":\"wrap\"},{\"objectType\":\"Field\",\"objectDomain\":\"fields\",\"editActive\":false,\"order\":7,\"idAttribute\":\"id\",\"type\":\"submit\",\"label\":\"Enviar\",\"processing_label\":\"Processing\",\"container_class\":\"\",\"element_class\":\"btn-envia\",\"key\":\"enviar_1568327990498\",\"drawerDisabled\":\"\",\"field_label\":\"Enviar\",\"field_key\":\"enviar_1568327990498\",\"wrap_styles_show_advanced_css\":0,\"element_styles_show_advanced_css\":0,\"submit_element_hover_styles_show_advanced_css\":0,\"cellcid\":\"c3224\",\"id\":26,\"beforeField\":\"\",\"afterField\":\"\",\"value\":\"\",\"label_pos\":\"above\",\"parentType\":\"textbox\",\"element_templates\":[\"submit\",\"button\",\"input\"],\"old_classname\":\"\",\"wrap_template\":\"wrap-no-label\"}];nfForms.push(form);<\/script>\n        [\/et_pb_code][\/et_pb_column][\/et_pb_row][\/et_pb_section]","protected":false},"excerpt":{"rendered":"<p>Simuladores s\u00e3o, dispositivos que permitem o treinamento de m\u00e1quinas e equipamentos, reduzindo o tempo e o custo de forma\u00e7\u00e3o de seus operadores, bem como reduz o risco de acidentes e danos \u00e0 aeronaves e equipamentos reais, caso esses fossem empregados para o treinamento de operadores inexperientes ou para o treinamento de rea\u00e7\u00f5es a emerg\u00eancias graves. [&hellip;]<\/p>","protected":false},"author":1,"featured_media":0,"parent":0,"menu_order":0,"comment_status":"closed","ping_status":"closed","template":"","meta":{"_et_pb_use_builder":"on","_et_pb_old_content":"","_et_gb_content_width":"","footnotes":""},"acf":[],"_links":{"self":[{"href":"https:\/\/quartzodefense.com\/en\/wp-json\/wp\/v2\/pages\/269"}],"collection":[{"href":"https:\/\/quartzodefense.com\/en\/wp-json\/wp\/v2\/pages"}],"about":[{"href":"https:\/\/quartzodefense.com\/en\/wp-json\/wp\/v2\/types\/page"}],"author":[{"embeddable":true,"href":"https:\/\/quartzodefense.com\/en\/wp-json\/wp\/v2\/users\/1"}],"replies":[{"embeddable":true,"href":"https:\/\/quartzodefense.com\/en\/wp-json\/wp\/v2\/comments?post=269"}],"version-history":[{"count":31,"href":"https:\/\/quartzodefense.com\/en\/wp-json\/wp\/v2\/pages\/269\/revisions"}],"predecessor-version":[{"id":4579,"href":"https:\/\/quartzodefense.com\/en\/wp-json\/wp\/v2\/pages\/269\/revisions\/4579"}],"wp:attachment":[{"href":"https:\/\/quartzodefense.com\/en\/wp-json\/wp\/v2\/media?parent=269"}],"curies":[{"name":"wp","href":"https:\/\/api.w.org\/{rel}","templated":true}]}}