


{"id":2536,"date":"2020-05-05T18:10:13","date_gmt":"2020-05-05T21:10:13","guid":{"rendered":"https:\/\/quartzodefense.com\/?page_id=2536"},"modified":"2021-02-03T14:04:48","modified_gmt":"2021-02-03T17:04:48","slug":"armamento-e-municao","status":"publish","type":"page","link":"https:\/\/quartzodefense.com\/en\/armamento-e-municao\/","title":{"rendered":"Armament and Ammunition"},"content":{"rendered":"[et_pb_section fb_built=&#8221;1&#8243; _builder_version=&#8221;4.7.7&#8243; background_enable_color=&#8221;off&#8221; background_image=&#8221;http:\/\/quartzodefense.com\/wp-content\/uploads\/2019\/10\/equipe-especial.jpg&#8221; background_enable_video_mp4=&#8221;off&#8221; background_video_width=&#8221;1980&#8243; background_video_height=&#8221;1080&#8243; custom_padding=&#8221;0px||0px|||&#8221; sticky_position=&#8221;top&#8221; box_shadow_style=&#8221;preset3&#8243; box_shadow_vertical=&#8221;4px&#8221; box_shadow_blur=&#8221;20px&#8221; box_shadow_color=&#8221;rgba(0,0,0,0.4)&#8221; global_module=&#8221;2608&#8243;][et_pb_row custom_padding_last_edited=&#8221;off|desktop&#8221; _builder_version=&#8221;4.7.7&#8243; background_color=&#8221;rgba(24,110,130,0.74)&#8221; width=&#8221;100%&#8221; max_width=&#8221;100%&#8221; custom_padding=&#8221;20px|5%|20px|5%|true|true&#8221; custom_padding_tablet=&#8221;50px|10%|50px|10%|true|true&#8221;][et_pb_column type=&#8221;4_4&#8243; _builder_version=&#8221;3.25&#8243; custom_padding=&#8221;|||&#8221; custom_padding__hover=&#8221;|||&#8221;][et_pb_text _builder_version=&#8221;4.7.7&#8243; _dynamic_attributes=&#8221;content&#8221; text_font=&#8221;|600|||||||&#8221; header_font=&#8221;Khand|700|on||||||&#8221; header_font_size=&#8221;60px&#8221; header_line_height=&#8221;1.2em&#8221; header_2_font=&#8221;Khand|700|on||||||&#8221; header_2_font_size=&#8221;80px&#8221; header_2_line_height=&#8221;1.2em&#8221; text_orientation=&#8221;center&#8221; background_layout=&#8221;dark&#8221; custom_margin_tablet=&#8221;|||60vw&#8221; custom_margin_last_edited=&#8221;off|phone&#8221; header_font_size_tablet=&#8221;40px&#8221; header_font_size_phone=&#8221;25px&#8221; header_font_size_last_edited=&#8221;on|phone&#8221; header_2_font_size_tablet=&#8221;40px&#8221; header_2_font_size_phone=&#8221;30px&#8221; header_2_font_size_last_edited=&#8221;on|tablet&#8221;]@ET-DC@eyJkeW5hbWljIjp0cnVlLCJjb250ZW50IjoicG9zdF90aXRsZSIsInNldHRpbmdzIjp7ImJlZm9yZSI6IjxoMT4iLCJhZnRlciI6IjwvaDE+In19@[\/et_pb_text][\/et_pb_column][\/et_pb_row][\/et_pb_section][et_pb_section fb_built=&#8221;1&#8243; _builder_version=&#8221;3.29.3&#8243; background_enable_color=&#8221;off&#8221; custom_padding=&#8221;50px||50px||true|&#8221;][et_pb_row _builder_version=&#8221;3.25&#8243; custom_padding=&#8221;12px||32px|||&#8221;][et_pb_column type=&#8221;4_4&#8243; _builder_version=&#8221;3.25&#8243; custom_padding=&#8221;|||&#8221; custom_padding__hover=&#8221;|||&#8221;][et_pb_button button_url=&#8221;https:\/\/quartzodefense.com\/grid-armamento-e-municao\/&#8221; button_text=&#8221;Grade de Produtos&#8221; button_alignment=&#8221;right&#8221; button_alignment_tablet=&#8221;&#8221; button_alignment_phone=&#8221;left&#8221; button_alignment_last_edited=&#8221;on|desktop&#8221; _builder_version=&#8221;4.7.7&#8243; custom_button=&#8221;on&#8221; button_text_size=&#8221;14px&#8221; button_text_color=&#8221;#ffffff&#8221; button_bg_color=&#8221;#2E94AE&#8221; button_border_width=&#8221;0px&#8221; button_border_radius=&#8221;0px&#8221; button_letter_spacing=&#8221;3px&#8221; button_font=&#8221;|700||on|||||&#8221; button_icon=&#8221;%%36%%&#8221; button_on_hover=&#8221;off&#8221; transform_skew=&#8221;-22deg|0deg&#8221; transform_skew_linked=&#8221;off&#8221; custom_padding=&#8221;15px|40px|15px|30px|true|false&#8221; button_bg_color__hover_enabled=&#8221;on|hover&#8221; button_bg_color__hover=&#8221;#34b5c9&#8243; button_bg_enable_color__hover=&#8221;on&#8221;][\/et_pb_button][et_pb_text _builder_version=&#8221;4.8.2&#8243; header_font=&#8221;Khand|700|on||||||&#8221; header_text_align=&#8221;left&#8221; header_font_size=&#8221;100px&#8221; header_2_font=&#8221;Khand|700|on||||||&#8221; header_2_text_align=&#8221;left&#8221; header_2_font_size=&#8221;30px&#8221; transform_skew=&#8221;-6deg|0deg&#8221; transform_skew_linked=&#8221;off&#8221; custom_margin=&#8221;||0px|||&#8221; hover_enabled=&#8221;0&#8243; header_font_size_tablet=&#8221;80px&#8221; header_font_size_phone=&#8221;60px&#8221; header_font_size_last_edited=&#8221;on|desktop&#8221; header_2_font_size_tablet=&#8221;80px&#8221; header_2_font_size_phone=&#8221;60px&#8221; header_2_font_size_last_edited=&#8221;off|tablet&#8221; sticky_enabled=&#8221;0&#8243;]\n<h2><strong>Firearms and Training<\/strong><\/h2>\n[\/et_pb_text][et_pb_divider color=&#8221;#186E82&#8243; divider_style=&#8221;double&#8221; divider_weight=&#8221;10px&#8221; _builder_version=&#8221;3.21.1&#8243; transform_skew=&#8221;-20deg|0deg&#8221; max_width=&#8221;100px&#8221; height=&#8221;10px&#8221; locked=&#8221;off&#8221;][\/et_pb_divider][\/et_pb_column][\/et_pb_row][et_pb_row column_structure=&#8221;1_2,1_2&#8243; _builder_version=&#8221;3.29.3&#8243; custom_padding=&#8221;0px||0px|||&#8221;][et_pb_column type=&#8221;1_2&#8243; _builder_version=&#8221;3.27.4&#8243;][et_pb_text _builder_version=&#8221;4.8.2&#8243; text_font=&#8221;||||||||&#8221; text_font_size=&#8221;16px&#8221; text_line_height=&#8221;2em&#8221; hover_enabled=&#8221;0&#8243; text_font_size_tablet=&#8221;&#8221; text_font_size_phone=&#8221;16px&#8221; text_font_size_last_edited=&#8221;on|phone&#8221; sticky_enabled=&#8221;0&#8243;]\n<p>Firearms are devices capable of launching, at great distances and with great energy, a projectile load, mostly metallic, in order to hit a certain target, either to immobilize or destroy it. They can be classified by the caliber of the projectile, that is, by the internal diameter of the launching barrel, measured in millimeters or inches. They can also be classified according to their type and use, in this case divided into: small arms (revolvers and pistols), long arms (rifles), automatic rifles, battle rifles, assault rifles, precision rifles, machine guns and submachine guns.<\/p>\n[\/et_pb_text][\/et_pb_column][et_pb_column type=&#8221;1_2&#8243; _builder_version=&#8221;3.27.4&#8243;][et_pb_image src=&#8221;http:\/\/quartzodefense.com\/wp-content\/uploads\/2020\/05\/arma-01.jpg&#8221; title_text=&#8221;arma-01&#8243; align=&#8221;center&#8221; _builder_version=&#8221;4.4.4&#8243;][\/et_pb_image][\/et_pb_column][\/et_pb_row][et_pb_row column_structure=&#8221;1_2,1_2&#8243; _builder_version=&#8221;3.29.3&#8243; custom_padding=&#8221;35px||6px|||&#8221;][et_pb_column type=&#8221;1_2&#8243; _builder_version=&#8221;3.29.3&#8243;][et_pb_image src=&#8221;http:\/\/quartzodefense.com\/wp-content\/uploads\/2020\/05\/arma-02.jpg&#8221; title_text=&#8221;arma-02&#8243; show_bottom_space=&#8221;off&#8221; align=&#8221;center&#8221; _builder_version=&#8221;4.4.4&#8243;][\/et_pb_image][\/et_pb_column][et_pb_column type=&#8221;1_2&#8243; _builder_version=&#8221;3.29.3&#8243;][et_pb_text _builder_version=&#8221;4.8.2&#8243; text_font=&#8221;||||||||&#8221; text_font_size=&#8221;16px&#8221; text_line_height=&#8221;2em&#8221; hover_enabled=&#8221;0&#8243; text_font_size_tablet=&#8221;&#8221; text_font_size_phone=&#8221;16px&#8221; text_font_size_last_edited=&#8221;on|phone&#8221; sticky_enabled=&#8221;0&#8243;]\n<p>Airsoft and Paintball are considered team sports, but can also be considered forms of light operational training for the general public. These sports activities are regulated by the Public Safety Commission of the House of Representatives and inspected by the Brazilian Army. Airsoft weapons are usually built in 1:1 scale and among the materials used for their manufacture are metal, plastic (ABS) and wood. In Brazil, the caliber of the Airsoft weapons is limited to 6mm and the propulsion of the weapon can be through springs, electrical mechanisms, or compressed gas.<\/p>\n[\/et_pb_text][\/et_pb_column][\/et_pb_row][et_pb_row _builder_version=&#8221;4.4.4&#8243;][et_pb_column type=&#8221;4_4&#8243; _builder_version=&#8221;4.4.4&#8243;][et_pb_text _builder_version=&#8221;4.4.4&#8243; text_font=&#8221;||||||||&#8221; text_font_size=&#8221;16px&#8221; text_line_height=&#8221;2em&#8221; text_font_size_tablet=&#8221;&#8221; text_font_size_phone=&#8221;16px&#8221; text_font_size_last_edited=&#8221;on|phone&#8221;]\n<p>Paintball guns launch spheres containing marker paint inside. Because they need a large reservoir for the spheres that will be used during the games, they ended up gaining a distinct appearance from real weapons, in contrast to Airsoft guns, which seek the greatest possible appearance with real weapons. Importantly, both shoot non-lethal plastic projectiles that only signal when the shooter has reached the target.<\/p>\n<p>\u00a0QUARTZO is selecting a renowned international partner for entry into the Brazilian firearms market, maintaining its tradition of high quality products and advanced technology.<span style=\"font-size: 16px;\">\u00a0<\/span><\/p>\n[\/et_pb_text][\/et_pb_column][\/et_pb_row][et_pb_row _builder_version=&#8221;3.25&#8243; custom_padding=&#8221;12px||32px|||&#8221;][et_pb_column type=&#8221;4_4&#8243; _builder_version=&#8221;3.25&#8243; custom_padding=&#8221;|||&#8221; custom_padding__hover=&#8221;|||&#8221;][et_pb_text _builder_version=&#8221;4.8.2&#8243; header_font=&#8221;Khand|700|on||||||&#8221; header_text_align=&#8221;left&#8221; header_font_size=&#8221;100px&#8221; header_2_font=&#8221;Khand|700|on||||||&#8221; header_2_text_align=&#8221;left&#8221; header_2_font_size=&#8221;30px&#8221; transform_skew=&#8221;-6deg|0deg&#8221; transform_skew_linked=&#8221;off&#8221; custom_margin=&#8221;||0px|||&#8221; hover_enabled=&#8221;0&#8243; header_font_size_tablet=&#8221;80px&#8221; header_font_size_phone=&#8221;60px&#8221; header_font_size_last_edited=&#8221;on|desktop&#8221; header_2_font_size_tablet=&#8221;80px&#8221; header_2_font_size_phone=&#8221;60px&#8221; header_2_font_size_last_edited=&#8221;off|tablet&#8221; sticky_enabled=&#8221;0&#8243;]\n<h2>Shooting Accessories<\/h2>\n[\/et_pb_text][et_pb_divider color=&#8221;#186E82&#8243; divider_style=&#8221;double&#8221; divider_weight=&#8221;10px&#8221; _builder_version=&#8221;3.21.1&#8243; transform_skew=&#8221;-20deg|0deg&#8221; max_width=&#8221;100px&#8221; height=&#8221;10px&#8221; locked=&#8221;off&#8221;][\/et_pb_divider][\/et_pb_column][\/et_pb_row][et_pb_row column_structure=&#8221;1_2,1_2&#8243; _builder_version=&#8221;3.29.3&#8243; custom_padding=&#8221;0px||0px|||&#8221;][et_pb_column type=&#8221;1_2&#8243; _builder_version=&#8221;3.27.4&#8243;][et_pb_text _builder_version=&#8221;4.8.2&#8243; text_font=&#8221;||||||||&#8221; text_font_size=&#8221;16px&#8221; text_line_height=&#8221;2em&#8221; hover_enabled=&#8221;0&#8243; text_font_size_tablet=&#8221;&#8221; text_font_size_phone=&#8221;16px&#8221; text_font_size_last_edited=&#8221;on|phone&#8221; sticky_enabled=&#8221;0&#8243;]\n<p>In addition to the presented weapons, QUARTZO makes available in its portfolio, several accessories for shooting practice, such as ballistic barriers to be positioned in the back of the shooting stand, fixed, folding and movable targets, disc throwers, safes approved for storage of firearms, and other items and accessories for shooting sports practice.<\/p>\n[\/et_pb_text][\/et_pb_column][et_pb_column type=&#8221;1_2&#8243; _builder_version=&#8221;3.27.4&#8243;][et_pb_image src=&#8221;http:\/\/quartzodefense.com\/wp-content\/uploads\/2021\/02\/acessorios-tiro.jpg&#8221; title_text=&#8221;acessorios-tiro&#8221; align=&#8221;center&#8221; _builder_version=&#8221;4.8.2&#8243; hover_enabled=&#8221;0&#8243; sticky_enabled=&#8221;0&#8243;][\/et_pb_image][\/et_pb_column][\/et_pb_row][et_pb_row _builder_version=&#8221;4.4.4&#8243;][et_pb_column type=&#8221;4_4&#8243; _builder_version=&#8221;4.4.4&#8243;][et_pb_text _builder_version=&#8221;4.8.2&#8243; text_font=&#8221;||||||||&#8221; text_font_size=&#8221;16px&#8221; text_line_height=&#8221;2em&#8221; hover_enabled=&#8221;0&#8243; text_font_size_tablet=&#8221;&#8221; text_font_size_phone=&#8221;16px&#8221; text_font_size_last_edited=&#8221;on|phone&#8221; sticky_enabled=&#8221;0&#8243;]\n<p>QUARTZO Defense Engineering is establishing partnership with representatives of the largest, best and most renowned manufacturers of firearms and training in Brazil and abroad. With this, we seek to start acting in this segment in order to meet the needs of our operational customers. Soon, our portfolio will be presented. Until then, contact us and let us know your needs so that we can develop a customized and immediate solution.<\/p>\n[\/et_pb_text][\/et_pb_column][\/et_pb_row][et_pb_row column_structure=&#8221;1_2,1_2&#8243; _builder_version=&#8221;4.4.4&#8243; custom_padding=&#8221;25px|||||&#8221; gutter_width__hover_enabled=&#8221;off|desktop&#8221; max_width__hover_enabled=&#8221;on|desktop&#8221;][et_pb_column type=&#8221;1_2&#8243; _builder_version=&#8221;4.4.4&#8243;][\/et_pb_column][et_pb_column type=&#8221;1_2&#8243; _builder_version=&#8221;4.4.4&#8243;][et_pb_button button_url=&#8221;https:\/\/quartzodefense.com\/detalhamento-armamento-e-municao\/&#8221; button_text=&#8221;Saiba mais&#8221; button_alignment=&#8221;right&#8221; button_alignment_tablet=&#8221;&#8221; button_alignment_phone=&#8221;left&#8221; button_alignment_last_edited=&#8221;on|desktop&#8221; _builder_version=&#8221;4.7.7&#8243; custom_button=&#8221;on&#8221; button_text_size=&#8221;14px&#8221; button_text_color=&#8221;#ffffff&#8221; button_bg_color=&#8221;#2E94AE&#8221; button_border_width=&#8221;0px&#8221; button_border_radius=&#8221;0px&#8221; button_letter_spacing=&#8221;3px&#8221; button_font=&#8221;|700||on|||||&#8221; button_icon=&#8221;%%36%%&#8221; button_on_hover=&#8221;off&#8221; transform_skew=&#8221;-22deg|0deg&#8221; transform_skew_linked=&#8221;off&#8221; custom_padding=&#8221;15px|40px|15px|30px|true|false&#8221; button_bg_color__hover_enabled=&#8221;on|hover&#8221; button_bg_color__hover=&#8221;#34b5c9&#8243; button_bg_enable_color__hover=&#8221;on&#8221;][\/et_pb_button][et_pb_button button_url=&#8221;https:\/\/quartzodefense.com\/grid-armamento-e-municao\/&#8221; button_text=&#8221;Grade de Produtos&#8221; button_alignment=&#8221;right&#8221; button_alignment_tablet=&#8221;&#8221; button_alignment_phone=&#8221;left&#8221; button_alignment_last_edited=&#8221;on|desktop&#8221; _builder_version=&#8221;4.7.7&#8243; custom_button=&#8221;on&#8221; button_text_size=&#8221;14px&#8221; button_text_color=&#8221;#ffffff&#8221; button_bg_color=&#8221;#2E94AE&#8221; button_border_width=&#8221;0px&#8221; button_border_radius=&#8221;0px&#8221; button_letter_spacing=&#8221;3px&#8221; button_font=&#8221;|700||on|||||&#8221; button_icon=&#8221;%%36%%&#8221; button_on_hover=&#8221;off&#8221; transform_skew=&#8221;-22deg|0deg&#8221; transform_skew_linked=&#8221;off&#8221; custom_padding=&#8221;15px|40px|15px|30px|true|false&#8221; button_bg_color__hover_enabled=&#8221;on|hover&#8221; button_bg_color__hover=&#8221;#34b5c9&#8243; button_bg_enable_color__hover=&#8221;on&#8221;][\/et_pb_button][\/et_pb_column][\/et_pb_row][\/et_pb_section]","protected":false},"excerpt":{"rendered":"<p>Armas de Fogo e TreinamentoAs armas de fogo s\u00e3o dispositivos capazes de lan\u00e7ar, a grande dist\u00e2ncia e com grande energia, carga projetil, em sua maioria met\u00e1lica, com a finalidade de atingir um determinado alvo, seja para imobiliz\u00e1-lo ou destru\u00ed-lo. Podem ser classificadas pelo calibre do projetil, ou seja, pelo di\u00e2metro interno do cano de lan\u00e7amento, [&hellip;]<\/p>","protected":false},"author":1,"featured_media":0,"parent":0,"menu_order":0,"comment_status":"closed","ping_status":"closed","template":"","meta":{"_et_pb_use_builder":"on","_et_pb_old_content":"","_et_gb_content_width":"","footnotes":""},"acf":[],"_links":{"self":[{"href":"https:\/\/quartzodefense.com\/en\/wp-json\/wp\/v2\/pages\/2536"}],"collection":[{"href":"https:\/\/quartzodefense.com\/en\/wp-json\/wp\/v2\/pages"}],"about":[{"href":"https:\/\/quartzodefense.com\/en\/wp-json\/wp\/v2\/types\/page"}],"author":[{"embeddable":true,"href":"https:\/\/quartzodefense.com\/en\/wp-json\/wp\/v2\/users\/1"}],"replies":[{"embeddable":true,"href":"https:\/\/quartzodefense.com\/en\/wp-json\/wp\/v2\/comments?post=2536"}],"version-history":[{"count":16,"href":"https:\/\/quartzodefense.com\/en\/wp-json\/wp\/v2\/pages\/2536\/revisions"}],"predecessor-version":[{"id":4562,"href":"https:\/\/quartzodefense.com\/en\/wp-json\/wp\/v2\/pages\/2536\/revisions\/4562"}],"wp:attachment":[{"href":"https:\/\/quartzodefense.com\/en\/wp-json\/wp\/v2\/media?parent=2536"}],"curies":[{"name":"wp","href":"https:\/\/api.w.org\/{rel}","templated":true}]}}